{"id":149,"date":"2019-07-08T12:50:52","date_gmt":"2019-07-08T12:50:52","guid":{"rendered":"https:\/\/technologymv.com\/es\/?page_id=149"},"modified":"2019-09-30T19:03:34","modified_gmt":"2019-09-30T19:03:34","slug":"servicios-2","status":"publish","type":"page","link":"https:\/\/technologymv.com\/es\/servicios-2\/","title":{"rendered":"Servicios"},"content":{"rendered":"\n\t\t\t\t<img loading=\"lazy\" decoding=\"async\" src=\"https:\/\/technologymv.com\/es\/wp-content\/uploads\/2019\/06\/alarma-paradox.png\" alt=\"alarma-paradox\" itemprop=\"image\" height=\"255\" width=\"256\" title=\"alarma-paradox\" onerror=\"this.style.display='none'\"  \/>\n\t<p><strong>Suministro e instalaci\u00f3n de alarmas<\/strong><\/p>\n<p>Constituyen el principal elemento de alerta y protecci\u00f3n de la vivienda. Est\u00e1n compuestas por barreras que alertan de manera temprana una posible intrusi\u00f3n a un predio o vivienda. <a href=\"https:\/\/technologymv.com\/es\/alarmas\/\"><em>Ver m\u00e1s&#8230;<\/em><\/a><\/p>\n\t\t\t\t<img loading=\"lazy\" decoding=\"async\" src=\"https:\/\/technologymv.com\/es\/wp-content\/uploads\/2019\/06\/unv.png\" alt=\"unv\" itemprop=\"image\" height=\"218\" width=\"543\" title=\"unv\" onerror=\"this.style.display='none'\"  \/>\n\t<p><strong>Suministro e Instalaci\u00f3n de C\u00e1maras de seguridad para circuito cerrado de televisi\u00f3n (CCTV)<\/strong><\/p>\n<p>Conocidas como c\u00e1maras de seguridad, el circuito cerrado de televisi\u00f3n o su sigla CCTV, es uno de los primeros elementos constitutivos del sistema de seguridad de una vivienda. <a href=\"https:\/\/technologymv.com\/es\/camaras-de-vigilancia\/\"><em>Ver m\u00e1s&#8230;<\/em><\/a><\/p>\n\t\t\t\t<img loading=\"lazy\" decoding=\"async\" src=\"https:\/\/technologymv.com\/es\/wp-content\/uploads\/2019\/06\/smart-home.jpg\" alt=\"smart-home\" itemprop=\"image\" height=\"732\" width=\"1280\" title=\"smart-home\" onerror=\"this.style.display='none'\"  \/>\n\t<p><strong>Servicio de integraci\u00f3n de tecnolog\u00eda para hogares (Dom\u00f3tica)<\/strong><\/p>\n<p>Soluciones integrales mediante el uso de nuevas t\u00e9cnolog\u00edas que le permitir\u00e1 tener control sobre hogar, de forma confortable, funcional y en la palma de su mano. <a href=\"https:\/\/technologymv.com\/es\/domotica-3\/\"><em>Ver m\u00e1s&#8230;<\/em><\/a><\/p>\n\t\t\t\t<img loading=\"lazy\" decoding=\"async\" src=\"https:\/\/technologymv.com\/es\/wp-content\/uploads\/slider2\/Pentagrama.jpeg\" alt=\"Pentagrama\" itemprop=\"image\" height=\"242\" width=\"242\" title=\"Pentagrama\" onerror=\"this.style.display='none'\"  \/>\n\t<strong>Servicio de instalaci\u00f3n de persianas motorizadas y manuales<br \/>\n<\/strong>\n<p>Suministro e instalaci\u00f3n de cortinas\/persianas <strong>motorizadas<\/strong> y manuales, para todos los gustos y necesidades, de la marca Pentagrama, productos fabricados a la medida de cada espacio. <a href=\"https:\/\/technologymv.com\/es\/es\/cortinas\/\"><em>Ver m\u00e1s&#8230;<\/em><\/a><\/p>\n\t\t\t\t<img loading=\"lazy\" decoding=\"async\" src=\"https:\/\/technologymv.com\/es\/wp-content\/uploads\/2019\/09\/nuvo2.jpg\" alt=\"nuvo2\" itemprop=\"image\" height=\"228\" width=\"589\" title=\"nuvo2\" onerror=\"this.style.display='none'\"  \/>\n\t<strong>Servicio de instalaci\u00f3n de sistemas de audio\/sonido de alta calidad.<br \/>\n<\/strong>\n<p>Suministro e instalaci\u00f3n de sistemas de audio distribuido, amplificadores de una zona o de tres zonas, barras de sonido y parlantes de mesa, <em>Home Theater<\/em>. <a href=\"https:\/\/technologymv.com\/es\/sonido\/\"><em>Ver m\u00e1s&#8230;<\/em><\/a><\/p>\n","protected":false},"excerpt":{"rendered":"<p>Suministro e instalaci\u00f3n de alarmas Constituyen el principal elemento de alerta y protecci\u00f3n de la vivienda. Est\u00e1n compuestas por barreras que alertan de manera temprana una posible intrusi\u00f3n a un predio o vivienda. Ver m\u00e1s&#8230; Suministro e Instalaci\u00f3n de C\u00e1maras de seguridad para circuito cerrado de televisi\u00f3n (CCTV) Conocidas como c\u00e1maras de seguridad, el circuito<\/p>\n<div><a class=\"btn-filled btn\" href=\"https:\/\/technologymv.com\/es\/servicios-2\/\" title=\"Servicios\">Leer m\u00e1s<\/a><\/div>\n","protected":false},"author":1,"featured_media":0,"parent":0,"menu_order":0,"comment_status":"closed","ping_status":"closed","template":"","meta":{"footnotes":""},"class_list":["post-149","page","type-page","status-publish","hentry"],"_links":{"self":[{"href":"https:\/\/technologymv.com\/es\/wp-json\/wp\/v2\/pages\/149","targetHints":{"allow":["GET"]}}],"collection":[{"href":"https:\/\/technologymv.com\/es\/wp-json\/wp\/v2\/pages"}],"about":[{"href":"https:\/\/technologymv.com\/es\/wp-json\/wp\/v2\/types\/page"}],"author":[{"embeddable":true,"href":"https:\/\/technologymv.com\/es\/wp-json\/wp\/v2\/users\/1"}],"replies":[{"embeddable":true,"href":"https:\/\/technologymv.com\/es\/wp-json\/wp\/v2\/comments?post=149"}],"version-history":[{"count":13,"href":"https:\/\/technologymv.com\/es\/wp-json\/wp\/v2\/pages\/149\/revisions"}],"predecessor-version":[{"id":337,"href":"https:\/\/technologymv.com\/es\/wp-json\/wp\/v2\/pages\/149\/revisions\/337"}],"wp:attachment":[{"href":"https:\/\/technologymv.com\/es\/wp-json\/wp\/v2\/media?parent=149"}],"curies":[{"name":"wp","href":"https:\/\/api.w.org\/{rel}","templated":true}]}}