{"id":152,"date":"2019-07-08T13:34:42","date_gmt":"2019-07-08T13:34:42","guid":{"rendered":"https:\/\/technologymv.com\/es\/?page_id=152"},"modified":"2019-09-30T18:46:06","modified_gmt":"2019-09-30T18:46:06","slug":"alarmas","status":"publish","type":"page","link":"https:\/\/technologymv.com\/es\/alarmas\/","title":{"rendered":"Alarmas"},"content":{"rendered":"\n\t\t\t\t<img loading=\"lazy\" decoding=\"async\" src=\"https:\/\/technologymv.com\/es\/wp-content\/uploads\/2019\/06\/alarma-paradox.png\" alt=\"alarma-paradox\" itemprop=\"image\" height=\"255\" width=\"256\" title=\"alarma-paradox\" onerror=\"this.style.display='none'\"  \/>\n\t<p><strong>Suministro e instalaci\u00f3n de alarmas<\/strong><\/p>\n\t<p>Constituyen el principal elemento de alerta y protecci\u00f3n de la vivienda. Est\u00e1n compuestas por barreras que alertan de manera temprana una posible intrusi\u00f3n a un predio o vivienda. Luego est\u00e1n los sensores que pueden ser de detecci\u00f3n de apertura de puertas o ventanas, los sensores que detectan movimiento y los sensores que detectan que un objeto fue movido, todos estos se\u00f1ores nos informan de una intrusi\u00f3n cuando ya ha ocurrido. Todos esto sensores se conectan a un panel de alarma que es el que coordina el sistema y que puede ser conectado a una central de monitoreo de alarmas o tambi\u00e9n se puede conectar a internet para automonitoreo del sistema. (el due\u00f1o puede desde su celular activar y desactivar el sistema de alarma y recibe notificaciones ante cualquier cambio en el sistema de alarma).<\/p>\n<p><img loading=\"lazy\" decoding=\"async\" src=\"https:\/\/technologymv.com\/es\/wp-content\/uploads\/2019\/06\/paradox-inside-gold-300x188.jpg\" alt=\"\" width=\"300\" height=\"188\" \/><\/p>\n<p>En los sistemas de alarmas tenemos sensores que env\u00edan la se\u00f1al por cable y los que env\u00edan la se\u00f1al de forma inal\u00e1mbrica (los sensores inal\u00e1mbricos usan pilas o bater\u00edas que les brindan autonom\u00edas hasta de 1 a\u00f1o, luego de este periodo las bater\u00edas se reemplazan y el sistema sigue operando normalmente). El panel de alarma notifica con un mes de anticipaci\u00f3n cuando las pilas o bater\u00edas se est\u00e1n agotando para que se disponga del tiempo suficiente para su cambio.<\/p>\n<p>Contamos con sensores inmunes a la detecci\u00f3n de mascotas de hasta 40 kilogramos.<\/p>\n<p><img loading=\"lazy\" decoding=\"async\" src=\"https:\/\/technologymv.com\/es\/wp-content\/uploads\/2019\/06\/PET_Immunity.gif\" alt=\"\" width=\"291\" height=\"137\" \/><img loading=\"lazy\" decoding=\"async\" src=\"https:\/\/technologymv.com\/es\/wp-content\/uploads\/2019\/06\/pet-immune.png\" alt=\"\" width=\"215\" height=\"162\" \/><\/p>\n","protected":false},"excerpt":{"rendered":"<p>Suministro e instalaci\u00f3n de alarmas Constituyen el principal elemento de alerta y protecci\u00f3n de la vivienda. Est\u00e1n compuestas por barreras que alertan de manera temprana una posible intrusi\u00f3n a un predio o vivienda. Luego est\u00e1n los sensores que pueden ser de detecci\u00f3n de apertura de puertas o ventanas, los sensores que detectan movimiento y los<\/p>\n<div><a class=\"btn-filled btn\" href=\"https:\/\/technologymv.com\/es\/alarmas\/\" title=\"Alarmas\">Leer m\u00e1s<\/a><\/div>\n","protected":false},"author":1,"featured_media":0,"parent":0,"menu_order":0,"comment_status":"closed","ping_status":"closed","template":"","meta":{"footnotes":""},"class_list":["post-152","page","type-page","status-publish","hentry"],"_links":{"self":[{"href":"https:\/\/technologymv.com\/es\/wp-json\/wp\/v2\/pages\/152","targetHints":{"allow":["GET"]}}],"collection":[{"href":"https:\/\/technologymv.com\/es\/wp-json\/wp\/v2\/pages"}],"about":[{"href":"https:\/\/technologymv.com\/es\/wp-json\/wp\/v2\/types\/page"}],"author":[{"embeddable":true,"href":"https:\/\/technologymv.com\/es\/wp-json\/wp\/v2\/users\/1"}],"replies":[{"embeddable":true,"href":"https:\/\/technologymv.com\/es\/wp-json\/wp\/v2\/comments?post=152"}],"version-history":[{"count":7,"href":"https:\/\/technologymv.com\/es\/wp-json\/wp\/v2\/pages\/152\/revisions"}],"predecessor-version":[{"id":332,"href":"https:\/\/technologymv.com\/es\/wp-json\/wp\/v2\/pages\/152\/revisions\/332"}],"wp:attachment":[{"href":"https:\/\/technologymv.com\/es\/wp-json\/wp\/v2\/media?parent=152"}],"curies":[{"name":"wp","href":"https:\/\/api.w.org\/{rel}","templated":true}]}}