{"id":155,"date":"2019-07-08T14:18:14","date_gmt":"2019-07-08T14:18:14","guid":{"rendered":"https:\/\/technologymv.com\/es\/?page_id=155"},"modified":"2019-09-30T18:42:10","modified_gmt":"2019-09-30T18:42:10","slug":"camaras-de-vigilancia","status":"publish","type":"page","link":"https:\/\/technologymv.com\/es\/camaras-de-vigilancia\/","title":{"rendered":"C\u00e1maras de Vigilancia"},"content":{"rendered":"\n\t\t\t\t<img loading=\"lazy\" decoding=\"async\" src=\"https:\/\/technologymv.com\/es\/wp-content\/uploads\/2019\/06\/unv.png\" alt=\"unv\" itemprop=\"image\" height=\"218\" width=\"543\" title=\"unv\" onerror=\"this.style.display='none'\"  \/>\n\t<p><strong>C\u00e1maras de seguridad para circuito cerrado de televisi\u00f3n (CCTV)<\/strong><\/p>\n<p>Conocidas como c\u00e1maras de seguridad, el circuito cerrado de televisi\u00f3n o su sigla CCTV, es uno de los primeros elementos constitutivos del sistema de seguridad de una vivienda. Est\u00e1n compuesto b\u00e1sicamente por las c\u00e1maras y un grabador. Existen dos tecnolog\u00edas que se diferencian por el tipo de se\u00f1al que se trasmite por el cable, pueden ser an\u00e1logas o digitales. En las digitales tenemos una sub divisi\u00f3n que son cableadas e inal\u00e1mbricas (las inal\u00e1mbricas no requieren cable para llevar la se\u00f1al hasta el equipo grabador, pero si requieren de corriente, es decir un punto o toma el\u00e9ctrica).<\/p>\n<p>Todas las c\u00e1maras ahora cuentan con la opci\u00f3n de visualizaci\u00f3n en el tel\u00e9fono celular desde que se cuente con conexi\u00f3n a internet en el lugar que se encuentra el grabador y en el tel\u00e9fono que se quieren visualizar.<\/p>\n<p>En apariencia no se diferencias las de interiores de las de exteriores.<\/p>\n<ul>\n<li>C\u00e1maras de seguridad\n<ul>\n<li>Para interiores y exteriores<\/li>\n<li>Conexi\u00f3n an\u00e1loga o digital<\/li>\n<li>Tipo bala o tipo domo<\/li>\n<\/ul>\n<\/li>\n<li>Grabadores an\u00e1logos o digitales (NVR o DVR)<\/li>\n<\/ul>\n","protected":false},"excerpt":{"rendered":"<p>C\u00e1maras de seguridad para circuito cerrado de televisi\u00f3n (CCTV) Conocidas como c\u00e1maras de seguridad, el circuito cerrado de televisi\u00f3n o su sigla CCTV, es uno de los primeros elementos constitutivos del sistema de seguridad de una vivienda. Est\u00e1n compuesto b\u00e1sicamente por las c\u00e1maras y un grabador. Existen dos tecnolog\u00edas que se diferencian por el tipo<\/p>\n<div><a class=\"btn-filled btn\" href=\"https:\/\/technologymv.com\/es\/camaras-de-vigilancia\/\" title=\"C\u00e1maras de Vigilancia\">Leer m\u00e1s<\/a><\/div>\n","protected":false},"author":1,"featured_media":0,"parent":0,"menu_order":0,"comment_status":"closed","ping_status":"closed","template":"","meta":{"footnotes":""},"class_list":["post-155","page","type-page","status-publish","hentry"],"_links":{"self":[{"href":"https:\/\/technologymv.com\/es\/wp-json\/wp\/v2\/pages\/155","targetHints":{"allow":["GET"]}}],"collection":[{"href":"https:\/\/technologymv.com\/es\/wp-json\/wp\/v2\/pages"}],"about":[{"href":"https:\/\/technologymv.com\/es\/wp-json\/wp\/v2\/types\/page"}],"author":[{"embeddable":true,"href":"https:\/\/technologymv.com\/es\/wp-json\/wp\/v2\/users\/1"}],"replies":[{"embeddable":true,"href":"https:\/\/technologymv.com\/es\/wp-json\/wp\/v2\/comments?post=155"}],"version-history":[{"count":5,"href":"https:\/\/technologymv.com\/es\/wp-json\/wp\/v2\/pages\/155\/revisions"}],"predecessor-version":[{"id":330,"href":"https:\/\/technologymv.com\/es\/wp-json\/wp\/v2\/pages\/155\/revisions\/330"}],"wp:attachment":[{"href":"https:\/\/technologymv.com\/es\/wp-json\/wp\/v2\/media?parent=155"}],"curies":[{"name":"wp","href":"https:\/\/api.w.org\/{rel}","templated":true}]}}