{"id":2,"date":"2019-06-04T12:30:55","date_gmt":"2019-06-04T12:30:55","guid":{"rendered":"https:\/\/technologymv.com\/es\/?page_id=2"},"modified":"2019-09-30T19:19:42","modified_gmt":"2019-09-30T19:19:42","slug":"about-us","status":"publish","type":"page","link":"https:\/\/technologymv.com\/es\/about-us\/","title":{"rendered":"Sobre nosotros"},"content":{"rendered":"\n\t<p>Somos especialistas en el desarrollo de proyectos de automatizaci\u00f3n y control de redes, desde el dise\u00f1o y la planificaci\u00f3n hasta el suministro e instalaci\u00f3n de cada elemento.<\/p>\n<p>Nuestro principal valor es promover el uso de la tecnolog\u00eda para <strong>proveer seguridad y confort<\/strong> a nuestros clientes. Queremos que se familiaricen con la tecnologia, la domotica.<\/p>\n\t<blockquote>\n<p>Somos perfeccionistas, procuramos entender las necesidades de los clientes y ofrecemos las instalaciones m\u00e1s organizadas, limpias y discretas posibles.<\/p>\n<p><em>Miguel Angel Mart\u00ednez &#8211; CEO Founder<\/em><\/p>\n<\/blockquote>\n\t<p>La automatizaci\u00f3n de su inmueble es nuestra especialidad.<\/p>\n&#8211; Asesor\u00eda.<br \/>\n&#8211; Automatizaci\u00f3n de iluminaci\u00f3n, cortinas (manuales y motorizadas), sonido, teatro en casa.<br \/>\n&#8211; Alarmas, c\u00e1maras.<br \/>\n&#8211; Suministro e Instalaci\u00f3n de sistemas de automatizaci\u00f3n de redes.\n<p>Nuestros proyectos est\u00e1n respaldados con las mejores marcas reconocidas a nivel mundial.<\/p>\n","protected":false},"excerpt":{"rendered":"<p>Somos especialistas en el desarrollo de proyectos de automatizaci\u00f3n y control de redes, desde el dise\u00f1o y la planificaci\u00f3n hasta el suministro e instalaci\u00f3n de cada elemento. Nuestro principal valor es promover el uso de la tecnolog\u00eda para proveer seguridad y confort a nuestros clientes. Queremos que se familiaricen con la tecnologia, la domotica. Somos<\/p>\n<div><a class=\"btn-filled btn\" href=\"https:\/\/technologymv.com\/es\/about-us\/\" title=\"Sobre nosotros\">Leer m\u00e1s<\/a><\/div>\n","protected":false},"author":1,"featured_media":0,"parent":0,"menu_order":0,"comment_status":"closed","ping_status":"closed","template":"","meta":{"footnotes":""},"class_list":["post-2","page","type-page","status-publish","hentry"],"_links":{"self":[{"href":"https:\/\/technologymv.com\/es\/wp-json\/wp\/v2\/pages\/2","targetHints":{"allow":["GET"]}}],"collection":[{"href":"https:\/\/technologymv.com\/es\/wp-json\/wp\/v2\/pages"}],"about":[{"href":"https:\/\/technologymv.com\/es\/wp-json\/wp\/v2\/types\/page"}],"author":[{"embeddable":true,"href":"https:\/\/technologymv.com\/es\/wp-json\/wp\/v2\/users\/1"}],"replies":[{"embeddable":true,"href":"https:\/\/technologymv.com\/es\/wp-json\/wp\/v2\/comments?post=2"}],"version-history":[{"count":11,"href":"https:\/\/technologymv.com\/es\/wp-json\/wp\/v2\/pages\/2\/revisions"}],"predecessor-version":[{"id":339,"href":"https:\/\/technologymv.com\/es\/wp-json\/wp\/v2\/pages\/2\/revisions\/339"}],"wp:attachment":[{"href":"https:\/\/technologymv.com\/es\/wp-json\/wp\/v2\/media?parent=2"}],"curies":[{"name":"wp","href":"https:\/\/api.w.org\/{rel}","templated":true}]}}