{"id":203,"date":"2019-08-04T23:57:30","date_gmt":"2019-08-04T23:57:30","guid":{"rendered":"https:\/\/technologymv.com\/es\/?page_id=203"},"modified":"2019-09-30T18:51:04","modified_gmt":"2019-09-30T18:51:04","slug":"domotica-3","status":"publish","type":"page","link":"https:\/\/technologymv.com\/es\/domotica-3\/","title":{"rendered":"Dom\u00f3tica"},"content":{"rendered":"\n\t<p>Obtenga la tranquilidad que siempre a deseado, controle la iluminaci\u00f3n, las cortinas el sonido de su vivienda, inal\u00e1mbrica, eficiente y oportunamente. Contamos con diferentes soluciones a la medida de cada proyecto y necesidad.<\/p>\n<p>Controle las cortinas de su casa con solo apretar un bot\u00f3n al momento de salir de su vivienda para tener la tranquilidad que todo quedo apagado y cerrado. Si lo olvido puede hacerlo desde su tel\u00e9fono camino a su oficina.<\/p>\n<p>Programe el encendido y apagado de algunas luces de su vivienda, del sistema de riego, apertura y cierre de cortinas. El sistema se encargar\u00e1 de todo por usted para que se relaje y aproveche ese tiempo con su familia. Esto tambi\u00e9n le sirve para simular presencia cuando se encuentre de viaje.<\/p>\n\t<blockquote>\n<p>Experimente un gran cambio con la automatizaci\u00f3n de la iluminaci\u00f3n de sus espacios<\/p>\n<\/blockquote>\n\t\t\t\t<img loading=\"lazy\" decoding=\"async\" src=\"https:\/\/technologymv.com\/es\/wp-content\/uploads\/2019\/09\/equinox.png\" alt=\"equinox\" itemprop=\"image\" height=\"319\" width=\"436\" title=\"equinox\" onerror=\"this.style.display='none'\"  \/>\n\t<p>Somos integradores certificados de diferentes marcas con representaci\u00f3n en Colombia.<\/p>\n<p>Tenemos una soluci\u00f3n para casas de lujo que es VANTAGE que pertenece a la multinacional LEGRAND<\/p>\n\t\t\t\t<img loading=\"lazy\" decoding=\"async\" src=\"https:\/\/technologymv.com\/es\/wp-content\/uploads\/2019\/08\/vantage-logo.png\" alt=\"vantage-logo\" itemprop=\"image\" height=\"197\" width=\"484\" title=\"vantage-logo\" onerror=\"this.style.display='none'\"  \/>\n\t<blockquote>\n<h3>Y tenemos una soluci\u00f3n m\u00e1s asequible que funciona muy bien para viviendas peque\u00f1as y apartamentos.<\/h3>\n<\/blockquote>\n\t\t\t\t<img loading=\"lazy\" decoding=\"async\" src=\"https:\/\/technologymv.com\/es\/wp-content\/uploads\/2019\/09\/conectividad.jpg\" alt=\"conectividad\" itemprop=\"image\" height=\"275\" width=\"589\" title=\"conectividad\" onerror=\"this.style.display='none'\"  \/>\n\t<p><strong>Sin levantar un dedo.<\/strong><\/p>\n<p>Cuando sus manos est\u00e9n ocupados con su tel\u00e9fono, simplemente d\u00edgale a Alexa o al Asistente de Google, que ajuste la iluminaci\u00f3n por usted.<\/p>\n\t<h3><strong>COMPLETO CONTROL<\/strong><\/h3>\n<p><strong>En la palma de su mano.<\/strong><\/p>\n<p>En casa o lejos de ella, con la <em>app<\/em> de Legrand Lighting pone el control en la punta de sus dedos, usando tel\u00e9fonos inteligentes, tablet o Apple Watch, usted facilmente puede ajustar las luces en cualquier lugar.<\/p>\n","protected":false},"excerpt":{"rendered":"<p>Obtenga la tranquilidad que siempre a deseado, controle la iluminaci\u00f3n, las cortinas el sonido de su vivienda, inal\u00e1mbrica, eficiente y oportunamente. Contamos con diferentes soluciones a la medida de cada proyecto y necesidad. Controle las cortinas de su casa con solo apretar un bot\u00f3n al momento de salir de su vivienda para tener la tranquilidad<\/p>\n<div><a class=\"btn-filled btn\" href=\"https:\/\/technologymv.com\/es\/domotica-3\/\" title=\"Dom\u00f3tica\">Leer m\u00e1s<\/a><\/div>\n","protected":false},"author":1,"featured_media":0,"parent":0,"menu_order":0,"comment_status":"closed","ping_status":"closed","template":"","meta":{"footnotes":""},"class_list":["post-203","page","type-page","status-publish","hentry"],"_links":{"self":[{"href":"https:\/\/technologymv.com\/es\/wp-json\/wp\/v2\/pages\/203","targetHints":{"allow":["GET"]}}],"collection":[{"href":"https:\/\/technologymv.com\/es\/wp-json\/wp\/v2\/pages"}],"about":[{"href":"https:\/\/technologymv.com\/es\/wp-json\/wp\/v2\/types\/page"}],"author":[{"embeddable":true,"href":"https:\/\/technologymv.com\/es\/wp-json\/wp\/v2\/users\/1"}],"replies":[{"embeddable":true,"href":"https:\/\/technologymv.com\/es\/wp-json\/wp\/v2\/comments?post=203"}],"version-history":[{"count":10,"href":"https:\/\/technologymv.com\/es\/wp-json\/wp\/v2\/pages\/203\/revisions"}],"predecessor-version":[{"id":334,"href":"https:\/\/technologymv.com\/es\/wp-json\/wp\/v2\/pages\/203\/revisions\/334"}],"wp:attachment":[{"href":"https:\/\/technologymv.com\/es\/wp-json\/wp\/v2\/media?parent=203"}],"curies":[{"name":"wp","href":"https:\/\/api.w.org\/{rel}","templated":true}]}}