{"id":207,"date":"2019-08-05T00:03:11","date_gmt":"2019-08-05T00:03:11","guid":{"rendered":"https:\/\/technologymv.com\/es\/?page_id=207"},"modified":"2019-09-30T18:55:54","modified_gmt":"2019-09-30T18:55:54","slug":"sonido","status":"publish","type":"page","link":"https:\/\/technologymv.com\/es\/sonido\/","title":{"rendered":"Sonido"},"content":{"rendered":"\n\t<p>Tenemos la mejor soluci\u00f3n de audio distribuido, disfrute de sus listas de reproducci\u00f3n de Spotify, Deezer, la m\u00fasica que tiene almacenada en un disco NAS o simplemente escuche m\u00fasica de internet tanto local como internacional.<\/p>\n\t\t\t\t<img loading=\"lazy\" decoding=\"async\" src=\"https:\/\/technologymv.com\/es\/wp-content\/uploads\/2019\/09\/servicios-streaming.jpg\" alt=\"servicios streaming\" itemprop=\"image\" height=\"279\" width=\"1069\" title=\"servicios streaming\" onerror=\"this.style.display='none'\"  \/>\n\t<p>Tenemos amplificadores de una zona o de tres zonas, barras de sonido y parlantes de mesa. Todas las opciones una sola marca.<\/p>\n\t\t\t\t<img loading=\"lazy\" decoding=\"async\" src=\"https:\/\/technologymv.com\/es\/wp-content\/uploads\/2019\/09\/amplificadores.jpg\" alt=\"amplificadores\" itemprop=\"image\" height=\"195\" width=\"258\" title=\"amplificadores\" onerror=\"this.style.display='none'\"  \/>\n\t\t\t\t<img loading=\"lazy\" decoding=\"async\" src=\"https:\/\/technologymv.com\/es\/wp-content\/uploads\/2019\/09\/nuvo1.jpg\" alt=\"nuvo1\" itemprop=\"image\" height=\"251\" width=\"369\" title=\"nuvo1\" onerror=\"this.style.display='none'\"  \/>\n\t\t\t\t<img loading=\"lazy\" decoding=\"async\" src=\"https:\/\/technologymv.com\/es\/wp-content\/uploads\/2019\/09\/nuvo3.jpg\" alt=\"nuvo3\" itemprop=\"image\" height=\"297\" width=\"369\" title=\"nuvo3\" onerror=\"this.style.display='none'\"  \/>\n\t<p><strong>NUVO<\/strong> de Legrand est\u00e1 en constante desarrollo para estar siempre a la vanguardia de los nuevos servicios de m\u00fasica streaming.<\/p>\n","protected":false},"excerpt":{"rendered":"<p>Tenemos la mejor soluci\u00f3n de audio distribuido, disfrute de sus listas de reproducci\u00f3n de Spotify, Deezer, la m\u00fasica que tiene almacenada en un disco NAS o simplemente escuche m\u00fasica de internet tanto local como internacional. Tenemos amplificadores de una zona o de tres zonas, barras de sonido y parlantes de mesa. Todas las opciones una<\/p>\n<div><a class=\"btn-filled btn\" href=\"https:\/\/technologymv.com\/es\/sonido\/\" title=\"Sonido\">Leer m\u00e1s<\/a><\/div>\n","protected":false},"author":1,"featured_media":0,"parent":0,"menu_order":0,"comment_status":"closed","ping_status":"closed","template":"","meta":{"footnotes":""},"class_list":["post-207","page","type-page","status-publish","hentry"],"_links":{"self":[{"href":"https:\/\/technologymv.com\/es\/wp-json\/wp\/v2\/pages\/207","targetHints":{"allow":["GET"]}}],"collection":[{"href":"https:\/\/technologymv.com\/es\/wp-json\/wp\/v2\/pages"}],"about":[{"href":"https:\/\/technologymv.com\/es\/wp-json\/wp\/v2\/types\/page"}],"author":[{"embeddable":true,"href":"https:\/\/technologymv.com\/es\/wp-json\/wp\/v2\/users\/1"}],"replies":[{"embeddable":true,"href":"https:\/\/technologymv.com\/es\/wp-json\/wp\/v2\/comments?post=207"}],"version-history":[{"count":6,"href":"https:\/\/technologymv.com\/es\/wp-json\/wp\/v2\/pages\/207\/revisions"}],"predecessor-version":[{"id":336,"href":"https:\/\/technologymv.com\/es\/wp-json\/wp\/v2\/pages\/207\/revisions\/336"}],"wp:attachment":[{"href":"https:\/\/technologymv.com\/es\/wp-json\/wp\/v2\/media?parent=207"}],"curies":[{"name":"wp","href":"https:\/\/api.w.org\/{rel}","templated":true}]}}