{"id":343,"date":"2019-10-17T20:19:44","date_gmt":"2019-10-17T20:19:44","guid":{"rendered":"https:\/\/technologymv.com\/es\/?page_id=343"},"modified":"2019-10-20T20:04:40","modified_gmt":"2019-10-20T20:04:40","slug":"tecnologia-domotica","status":"publish","type":"page","link":"https:\/\/technologymv.com\/es\/tecnologia-domotica\/","title":{"rendered":"Tecnolog\u00eda Dom\u00f3tica"},"content":{"rendered":"\n\t<p>La dom\u00f3tica es la integraci\u00f3n de sistemas tecnol\u00f3gicos que permiten automatizar funciones b\u00e1sicas de las viviendas para lograr un ahorro energ\u00e9tico (control de iluminaci\u00f3n y cortinas), mejorar la seguridad (sensores, c\u00e1maras), facilitar la comunicaci\u00f3n (control multimedia) y aumentar el bienestar de las personas.<\/p>\n<p>Gracias a la conexi\u00f3n de los dispositivos a internet ahora es posible controlarlos desde casi cualquier parte desde que se cuente con una conexi\u00f3n a internet.<\/p>\n\t<h3><strong>Tecnolog\u00eda dom\u00f3tica: econom\u00eda, seguridad y confort<\/strong><\/h3>\n\tEn \u00e9pocas puramente digitales, existen opciones que con tan solo dar un clic u oprimir una tecla de un tel\u00e9fono m\u00f3vil, se puede estar f\u00e1cilmente conectado con cualquier parte del mundo, en cualquier circunstancia y con acceso a todo tipo de informaci\u00f3n, ya sea para aprender, hacer negocios o monitorear remotamente una casa o un negocio. Esta nueva forma de comunicaci\u00f3n \u00b4smart\u00b4 se ha convertido en un novedoso paradigma de interrelaci\u00f3n, que ha incidido enormemente en la sociedad actual, ocasionando que esta se adapte a estos cambios de la realidad.\nHace tan solo unos a\u00f1os se empez\u00f3 a hacer uso del t\u00e9rmino dom\u00f3tica como una tecnolog\u00eda que permite robotizar una vivienda donde la mayor\u00eda de cosas se realizar\u00edan de forma autom\u00e1tica a trav\u00e9s de un control remoto. No obstante, con el expansivo avance t\u00e9cnico, la dom\u00f3tica ha evolucionado d\u00e1ndole un lugar al \u201cInternet de las Cosas\u201d.\n\t\t\t\t<img loading=\"lazy\" decoding=\"async\" src=\"https:\/\/technologymv.com\/es\/wp-content\/uploads\/2019\/06\/smart-home_1920.jpg\" alt=\"smart-home_1920\" itemprop=\"image\" height=\"669\" width=\"1920\" title=\"smart-home_1920\" onerror=\"this.style.display='none'\"  \/>\n\t<p>Esa conexi\u00f3n entre objetos en el hogar es lo que suele llamarse como \u00b4casa inteligente\u00b4, en donde a trav\u00e9s de un smartphone, un iPad u otros dispositivos similares, es posible encender o apagar las luces, verificar si las ventanas est\u00e1n completamente cerradas, programar la televisi\u00f3n, abrir las cortinas, entre otros, incrementando el n\u00famero de objetos de ser interconectados y su multifuncionalidad gracias a la tecnolog\u00eda inteligente.<\/p>\n<p>Adem\u00e1s de las ventajas que ofrece el poder operar una vivienda o un negocio automatizado obteniendo confort, existen otros atributos que adem\u00e1s de racionalizar los servicios p\u00fablicos y conseguir significativos ahorros en t\u00e9rminos econ\u00f3micos, controlan la seguridad a trav\u00e9s de la integraci\u00f3n tanto de dispositivos activos como pasivos.<\/p>\n<p>Hoy en d\u00eda la tendencia est\u00e1 enfocada en la uni\u00f3n de las c\u00e1maras de seguridad con otros elementos de protecci\u00f3n como detectores de movimiento, detectores de impacto o vibraci\u00f3n, detectores de ruptura de vidrio, detectores de humo fotoel\u00e9ctrico, contacto magn\u00e9tico, pulsadores de p\u00e1nico, barreras fotoel\u00e9ctricas, sirenas, luces, timbres, entre otros, por medio de tecnolog\u00edas puras, hibridas o semih\u00edbridas.<\/p>\nEsta integraci\u00f3n conlleva a que los dispositivos de videovigilancia sean m\u00e1s eficaces y eficientes; no obstante, los sistemas anal\u00f3gicos est\u00e1n dando paso a los digitales (tipo IP) al ser f\u00e1cilmente indexados con otros componentes domotizables.\n<p>Si bien es cierto que los dispositivos habituales no han variado, lo que ha mejorado es su calidad tecnol\u00f3gica, y la manera de operar e interconectarse; actualmente se est\u00e1 dejando de lado la tecnolog\u00eda al\u00e1mbrica para dar paso a sistemas inal\u00e1mbricos port\u00e1tiles, ya sean puros o h\u00edbridos.<\/p>\n\t\t\t\t<img loading=\"lazy\" decoding=\"async\" src=\"https:\/\/technologymv.com\/es\/wp-content\/uploads\/2019\/06\/logo-vC-h100px.png\" alt=\"logo vC h100px\" itemprop=\"image\" height=\"100\" width=\"155\" title=\"logo vC h100px\" onerror=\"this.style.display='none'\"  \/>\n<strong>\u00bfQu\u00e9 debe tener en cuenta para automatizar su hogar?<\/strong>\nContar con la asesor\u00eda adecuada y la mano de obra de personal calificado es la clave principal. El mercado ofrece servicios y productos que no siempre tienen la mejor calidad y el mejor precio, por esa raz\u00f3n, es importante contratar una empresa de prestigio que brinde soporte pre y posventa.\n<p>Por otro lado, se deben establecer las necesidades espec\u00edficas de protecci\u00f3n mediante un an\u00e1lisis previo de riesgos. Esto ser\u00e1 fundamental para determinar los momentos cr\u00edticos internos y externos y poder definir el tipo de sensores, c\u00e1maras, controles de acceso, a instalar.<\/p>\n\t<p><em><strong><a href=\"https:\/\/www.portafolio.co\/innovacion\/tecnologia-domotica-seguridad-y-confort-522531\">Fuente: Portafolio.co<\/a><\/strong><\/em><\/p>\n","protected":false},"excerpt":{"rendered":"<p>La dom\u00f3tica es la integraci\u00f3n de sistemas tecnol\u00f3gicos que permiten automatizar funciones b\u00e1sicas de las viviendas para lograr un ahorro energ\u00e9tico (control de iluminaci\u00f3n y cortinas), mejorar la seguridad (sensores, c\u00e1maras), facilitar la comunicaci\u00f3n (control multimedia) y aumentar el bienestar de las personas. Gracias a la conexi\u00f3n de los dispositivos a internet ahora es posible<\/p>\n<div><a class=\"btn-filled btn\" href=\"https:\/\/technologymv.com\/es\/tecnologia-domotica\/\" title=\"Tecnolog\u00eda Dom\u00f3tica\">Leer m\u00e1s<\/a><\/div>\n","protected":false},"author":1,"featured_media":0,"parent":0,"menu_order":0,"comment_status":"closed","ping_status":"closed","template":"","meta":{"footnotes":""},"class_list":["post-343","page","type-page","status-publish","hentry"],"_links":{"self":[{"href":"https:\/\/technologymv.com\/es\/wp-json\/wp\/v2\/pages\/343","targetHints":{"allow":["GET"]}}],"collection":[{"href":"https:\/\/technologymv.com\/es\/wp-json\/wp\/v2\/pages"}],"about":[{"href":"https:\/\/technologymv.com\/es\/wp-json\/wp\/v2\/types\/page"}],"author":[{"embeddable":true,"href":"https:\/\/technologymv.com\/es\/wp-json\/wp\/v2\/users\/1"}],"replies":[{"embeddable":true,"href":"https:\/\/technologymv.com\/es\/wp-json\/wp\/v2\/comments?post=343"}],"version-history":[{"count":5,"href":"https:\/\/technologymv.com\/es\/wp-json\/wp\/v2\/pages\/343\/revisions"}],"predecessor-version":[{"id":352,"href":"https:\/\/technologymv.com\/es\/wp-json\/wp\/v2\/pages\/343\/revisions\/352"}],"wp:attachment":[{"href":"https:\/\/technologymv.com\/es\/wp-json\/wp\/v2\/media?parent=343"}],"curies":[{"name":"wp","href":"https:\/\/api.w.org\/{rel}","templated":true}]}}